{"id":1095,"date":"2025-09-11T09:47:59","date_gmt":"2025-09-11T07:47:59","guid":{"rendered":"https:\/\/www.visitloano.it\/?page_id=1095"},"modified":"2025-10-02T15:13:22","modified_gmt":"2025-10-02T13:13:22","slug":"well-being-sport","status":"publish","type":"page","link":"https:\/\/www.visitloano.it\/en\/well-being-sport\/","title":{"rendered":"Well-being &amp; Sports"},"content":{"rendered":"\n\t\t<div id=\"fws_69f58ccb3e23a\"  data-column-margin=\"default\" data-midnight=\"light\" data-top-percent=\"16%\" data-bottom-percent=\"4%\"  class=\"wpb_row vc_row-fluid vc_row full-width-section vc_row-o-equal-height vc_row-flex vc_row-o-content-bottom parallax_section vl__pagehero\"  style=\"padding-top: calc(100vw * 0.16); padding-bottom: calc(100vw * 0.04); \"><div class=\"row-bg-wrap\" data-bg-animation=\"fade-in\" data-bg-animation-delay=\"\" data-bg-overlay=\"true\"><div class=\"inner-wrap row-bg-layer using-image\" style=\"background-color: #005CA9;\" ><div class=\"row-bg viewport-desktop using-image using-bg-color\" data-parallax-speed=\"slow\" style=\"background-position: center center; background-repeat: no-repeat; background-color: #005CA9; \" data-nectar-img-src=\"https:\/\/www.visitloano.it\/wp-content\/uploads\/2025\/08\/vl__whitelines.svg\"><\/div><\/div><div class=\"row-bg-overlay row-bg-layer\" style=\"background-color:#005CA9;  opacity: 0.3; \"><\/div><\/div><div class=\"row_col_wrap_12 col span_12 light left\">\n\t<div  class=\"vc_col-sm-12 wpb_column column_container vc_column_container col no-extra-padding inherit_tablet inherit_phone \"  data-padding-pos=\"all\" data-has-bg-color=\"false\" data-bg-color=\"\" data-bg-opacity=\"1\" data-animation=\"\" data-delay=\"0\" >\n\t\t<div class=\"vc_column-inner\" >\n\t\t\t<div class=\"wpb_wrapper\">\n\t\t\t\t<div id=\"fws_69f58ccb3e8b9\" data-midnight=\"\" data-column-margin=\"default\" class=\"wpb_row vc_row-fluid vc_row inner_row\"  style=\"\"><div class=\"row-bg-wrap\"> <div class=\"row-bg\" ><\/div> <\/div><div class=\"row_col_wrap_12_inner col span_12  left\">\n\t<div  class=\"vc_col-sm-12 wpb_column column_container vc_column_container col child_column no-extra-padding inherit_tablet inherit_phone \"   data-padding-pos=\"all\" data-has-bg-color=\"false\" data-bg-color=\"\" data-bg-opacity=\"1\" data-animation=\"\" data-delay=\"0\" >\n\t\t<div class=\"vc_column-inner\" >\n\t\t<div class=\"wpb_wrapper\">\n\t\t\t<div class=\"nectar-split-heading \" data-align=\"default\" data-m-align=\"inherit\" data-text-effect=\"default\" data-animation-type=\"line-reveal-by-space\" data-animation-delay=\"0\" data-animation-offset=\"\" data-m-rm-animation=\"\" data-stagger=\"\" data-custom-font-size=\"false\" ><h1 >Well-being &#038; Sport<\/h1><\/div><div class=\"nectar-responsive-text font_size_min_24px font_size_max_38px font_size_desktop_4vw font_line_height_1-4 nectar-link-underline-effect\" style=\"color: #FFFFFF;\" data-inherit-heading-family=\"h3\"><p>Che sia energia o relax, Loano ti regala il benessere che cerchi, sempre a misura di respiro<\/p>\n<\/div>\n\t\t<\/div> \n\t<\/div>\n\t<\/div> \n<\/div><\/div>\n\t\t\t<\/div> \n\t\t<\/div>\n\t<\/div> \n<\/div><\/div>\n\t\t<div id=\"about\"  data-column-margin=\"default\" data-midnight=\"dark\" data-top-percent=\"8%\" data-bottom-percent=\"8%\"  class=\"wpb_row vc_row-fluid vc_row full-width-section has-row-bg-color  top_padding_phone_16pct bottom_padding_phone_16pct\"  style=\"padding-top: calc(100vw * 0.08); padding-bottom: calc(100vw * 0.08); --row-bg-color: #ffffff;\"><div class=\"row-bg-wrap\" data-bg-animation=\"none\" data-bg-animation-delay=\"\" data-bg-overlay=\"false\"><div class=\"inner-wrap row-bg-layer\" ><div class=\"row-bg viewport-desktop using-bg-color\"  style=\"background-color: #ffffff; \"><\/div><\/div><\/div><div class=\"row_col_wrap_12 col span_12 dark left\">\n\t<div  class=\"vc_col-sm-12 wpb_column column_container vc_column_container col no-extra-padding inherit_tablet inherit_phone \"  data-padding-pos=\"all\" data-has-bg-color=\"false\" data-bg-color=\"\" data-bg-opacity=\"1\" data-animation=\"\" data-delay=\"0\" >\n\t\t<div class=\"vc_column-inner\" >\n\t\t\t<div class=\"wpb_wrapper\">\n\t\t\t\t<div id=\"fws_69f58ccb3f8b2\" data-midnight=\"\" data-column-margin=\"default\" class=\"wpb_row vc_row-fluid vc_row inner_row\"  style=\"\"><div class=\"row-bg-wrap\"> <div class=\"row-bg\" ><\/div> <\/div><div class=\"row_col_wrap_12_inner col span_12  left\">\n\t<div  class=\"vc_col-sm-6 wpb_column column_container vc_column_container col child_column has-animation padding-3-percent inherit_tablet inherit_phone \"   data-padding-pos=\"top-bottom\" data-has-bg-color=\"false\" data-bg-color=\"\" data-bg-opacity=\"1\" data-animation=\"fade-in-from-bottom\" data-delay=\"0\" >\n\t\t<div class=\"vc_column-inner\" >\n\t\t<div class=\"wpb_wrapper\">\n\t\t\t\n<div class=\"wpb_text_column wpb_content_element  vc_custom_1758727997421\" >\n\t<p>Loano \u00e8 la meta ideale per chi desidera mantenersi attivo: impianti, attivit\u00e0 all\u2019aria aperta, ma anche spazi dedicati al relax e alla cura di s\u00e9. Sul territorio \u00e8 presente una <strong>rete di societ\u00e0 e associazioni<\/strong> sempre attive nell\u2019organizzazione di corsi ed eventi capaci di richiamare atleti e appassionati da tutta Europa.<\/p>\n<\/div>\n\n\n\n\n\t\t<\/div> \n\t<\/div>\n\t<\/div> \n\n\t<div  class=\"vc_col-sm-6 wpb_column column_container vc_column_container col child_column has-animation padding-3-percent inherit_tablet inherit_phone \"   data-padding-pos=\"top-bottom\" data-has-bg-color=\"false\" data-bg-color=\"\" data-bg-opacity=\"1\" data-animation=\"fade-in-from-bottom\" data-delay=\"100\" >\n\t\t<div class=\"vc_column-inner\" >\n\t\t<div class=\"wpb_wrapper\">\n\t\t\t\n<div class=\"wpb_text_column wpb_content_element  vc_custom_1758728010403\" >\n\t<p>Dalle discipline pi\u00f9 dinamiche ai momenti rigeneranti in Spa, fino all\u2019elioterapia in riva al mare: <strong>scopri come regalarti una ricarica di energia e benessere nella Citt\u00e0 Europea dello Sport<\/strong>!<\/p>\n<\/div>\n\n\n\n\n\t\t<\/div> \n\t<\/div>\n\t<\/div> \n<\/div><\/div><div id=\"fws_69f58ccb4016a\" data-midnight=\"\" data-column-margin=\"default\" class=\"wpb_row vc_row-fluid vc_row inner_row\"  style=\"\"><div class=\"row-bg-wrap\"> <div class=\"row-bg\" ><\/div> <\/div><div class=\"row_col_wrap_12_inner col span_12  left\">\n\t<div  class=\"vc_col-sm-12 wpb_column column_container vc_column_container col child_column no-extra-padding inherit_tablet inherit_phone \"   data-padding-pos=\"all\" data-has-bg-color=\"false\" data-bg-color=\"\" data-bg-opacity=\"1\" data-animation=\"\" data-delay=\"0\" >\n\t\t<div class=\"vc_column-inner\" >\n\t\t<div class=\"wpb_wrapper\">\n\t\t\t<div class='nectar-post-grid-wrap text-color-light additional-meta-size-small spacing-15px' data-el-settings='{\"post_type\":\"custom\",\"pagination\":\"none\",\"image_size\":\"full\",\"parallax_scrolling\":\"\",\"aspect_ratio_image_size\":\"\",\"category_position\":\"default\",\"category_display\":\"default\",\"display_categories\":\"0\",\"display_excerpt\":\"0\",\"excerpt_length\":\"20\",\"content_next_to_image_excerpt_pos\":\"default\",\"display_date\":\"0\",\"display_estimated_reading_time\":\"0\",\"display_author\":\"0\",\"author_functionality\":\"default\",\"author_position\":\"default\",\"color_overlay\":\"#000000\",\"color_overlay_opacity\":\"0.3\",\"color_overlay_hover_opacity\":\"0.4\",\"card_bg_color\":\"\",\"grid_style\":\"content_overlaid\",\"hover_effect\":\"zoom\",\"post_title_overlay\":\"\",\"heading_tag\":\"default\",\"heading_tag_render\":\"default\",\"enable_gallery_lightbox\":\"0\",\"remove_links\":\"0\",\"category_style\":\"underline\",\"overlay_secondary_project_image\":\"\",\"vertical_list_hover_effect\":\"none\",\"vertical_list_read_more\":\"\",\"vertical_list_read_more_style\":\"text\",\"read_more_button\":\"0\",\"animation\":\"zoom-out-reveal\",\"custom_fields\":\"\",\"custom_fields_location\":\"before_post_meta\",\"display_type\":\"grid\",\"text_content_layout\":\"all_top_left\"}' data-style='content_overlaid' data-query='{\"post_type\":\"custom\",\"posts_per_page\":\"-1\",\"order\":\"ASC\",\"orderby\":\"title\",\"offset\":\"0\",\"cpt_name\":\"page\",\"custom_query_tax\":\"27\",\"ignore_sticky_posts\":\"\",\"exclude_current_post\":\"\"}' data-load-more-color='black' data-load-more-text='Load More'><div class=\"nectar-post-grid-filters\" data-active-color=\"default\" data-align=\"default\" data-animation=\"zoom-out-reveal\" data-sortable=\"\"><div><a href=\"#\" class=\"active all-filter\" data-filter=\"27\" data-total-count=\"5\">All<\/a><a href=\"#\" data-filter=\"27\" data-total-count=\"5\">Well-being &amp; Sport<\/a><\/div><\/div><div class=\"nectar-post-grid custom_font_size_1vw font_size_min_16px font_size_max_24px text-opacity-1 text-opacity-hover-1 category-position-before-title meta-display-large_items_only \" data-indicator=\"\" data-indicator-style=\"default\" data-indicator-text-color=\"#fff\" data-indicator-color=\"#000\" data-indicator-text=\"View\" data-masonry=\"yes\" data-columns=\"4\" data-hover-effect=\"zoom\" data-text-style=\"default\" data-border-radius=\"10px\" data-grid-item-height=\"50vh\" data-grid-spacing=\"15px\" data-text-layout=\"all_top_left\" data-text-color=\"light\" data-text-hover-color=\"light\" data-shadow-hover=\"yes\" data-animation=\"zoom-out-reveal\" data-animation-stagger=\"1\" data-cat-click=\"default\" style=\"--post-grid-border-radius:10px;\" ><div class=\"nectar-post-grid-item\" data-post-id=\"1781\" data-has-img=\"true\"> <div class=\"inner\"><div class=\"nectar-post-grid-item-bg-wrap\"><div class=\"nectar-post-grid-item-bg-wrap-inner\"><div class=\"nectar-post-grid-item-bg\"><img loading=\"lazy\" decoding=\"async\" class=\"nectar-lazy skip-lazy nectar-post-grid-item-bg__media\" src=\"data:image\/svg+xml;charset=utf-8,%3Csvg%20xmlns%3D'http%3A%2F%2Fwww.w3.org%2F2000%2Fsvg'%20viewBox%3D'0%200%201920%201280'%2F%3E\" alt=\"Impianti sportivi Loano\" height=\"1280\" width=\"1920\" data-nectar-img-src=\"https:\/\/www.visitloano.it\/wp-content\/uploads\/2025\/10\/loano-impianti.jpg\" data-nectar-img-srcset=\"https:\/\/www.visitloano.it\/wp-content\/uploads\/2025\/10\/loano-impianti.jpg 1920w, https:\/\/www.visitloano.it\/wp-content\/uploads\/2025\/10\/loano-impianti-300x200.jpg 300w, https:\/\/www.visitloano.it\/wp-content\/uploads\/2025\/10\/loano-impianti-1024x683.jpg 1024w, https:\/\/www.visitloano.it\/wp-content\/uploads\/2025\/10\/loano-impianti-768x512.jpg 768w, https:\/\/www.visitloano.it\/wp-content\/uploads\/2025\/10\/loano-impianti-1536x1024.jpg 1536w, https:\/\/www.visitloano.it\/wp-content\/uploads\/2025\/10\/loano-impianti-900x600.jpg 900w\" sizes=\"auto, (max-width: 1920px) 100vw, 1920px\" \/><\/div><\/div><\/div><div class=\"bg-overlay\" style=\" background-color: #000000;\" data-opacity=\"0.3\" data-hover-opacity=\"0.4\"><\/div><div class=\"content\"><a class=\"nectar-post-grid-link\" href=\"https:\/\/www.visitloano.it\/en\/well-being-sport\/strutture-sportive\/\" ><span class=\"screen-reader-text\">Strutture sportive<\/span><\/a><div class=\"item-main\"><h3 class=\"post-heading\"><div class=\"nectar-split-heading custom-trigger\" data-align=\"default\" data-m-align=\"inherit\" data-text-effect=\"default\" data-animation-type=\"line-reveal-by-space\" data-animation-delay=\"\" data-animation-offset=\"\" data-m-rm-animation=\"\" data-stagger=\"true\"><p>Strutture sportive<\/p><\/div><\/h3><\/div><\/div><\/div><\/div><div class=\"nectar-post-grid-item\" data-post-id=\"1775\" data-has-img=\"true\"> <div class=\"inner\"><div class=\"nectar-post-grid-item-bg-wrap\"><div class=\"nectar-post-grid-item-bg-wrap-inner\"><div class=\"nectar-post-grid-item-bg\"><img loading=\"lazy\" decoding=\"async\" class=\"nectar-lazy skip-lazy nectar-post-grid-item-bg__media\" src=\"data:image\/svg+xml;charset=utf-8,%3Csvg%20xmlns%3D'http%3A%2F%2Fwww.w3.org%2F2000%2Fsvg'%20viewBox%3D'0%200%201920%201280'%2F%3E\" alt=\"Loano Spa &amp; Relax\" height=\"1280\" width=\"1920\" data-nectar-img-src=\"https:\/\/www.visitloano.it\/wp-content\/uploads\/2025\/10\/spa-loano.jpg\" data-nectar-img-srcset=\"https:\/\/www.visitloano.it\/wp-content\/uploads\/2025\/10\/spa-loano.jpg 1920w, https:\/\/www.visitloano.it\/wp-content\/uploads\/2025\/10\/spa-loano-300x200.jpg 300w, https:\/\/www.visitloano.it\/wp-content\/uploads\/2025\/10\/spa-loano-1024x683.jpg 1024w, https:\/\/www.visitloano.it\/wp-content\/uploads\/2025\/10\/spa-loano-768x512.jpg 768w, https:\/\/www.visitloano.it\/wp-content\/uploads\/2025\/10\/spa-loano-1536x1024.jpg 1536w, https:\/\/www.visitloano.it\/wp-content\/uploads\/2025\/10\/spa-loano-900x600.jpg 900w\" sizes=\"auto, (max-width: 1920px) 100vw, 1920px\" \/><\/div><\/div><\/div><div class=\"bg-overlay\" style=\" background-color: #000000;\" data-opacity=\"0.3\" data-hover-opacity=\"0.4\"><\/div><div class=\"content\"><a class=\"nectar-post-grid-link\" href=\"https:\/\/www.visitloano.it\/en\/well-being-sport\/spa\/\" ><span class=\"screen-reader-text\">Spa<\/span><\/a><div class=\"item-main\"><h3 class=\"post-heading\"><div class=\"nectar-split-heading custom-trigger\" data-align=\"default\" data-m-align=\"inherit\" data-text-effect=\"default\" data-animation-type=\"line-reveal-by-space\" data-animation-delay=\"\" data-animation-offset=\"\" data-m-rm-animation=\"\" data-stagger=\"true\"><p>Spa<\/p><\/div><\/h3><\/div><\/div><\/div><\/div><div class=\"nectar-post-grid-item\" data-post-id=\"1770\" data-has-img=\"true\"> <div class=\"inner\"><div class=\"nectar-post-grid-item-bg-wrap\"><div class=\"nectar-post-grid-item-bg-wrap-inner\"><div class=\"nectar-post-grid-item-bg\"><img loading=\"lazy\" decoding=\"async\" class=\"nectar-lazy skip-lazy nectar-post-grid-item-bg__media\" src=\"data:image\/svg+xml;charset=utf-8,%3Csvg%20xmlns%3D'http%3A%2F%2Fwww.w3.org%2F2000%2Fsvg'%20viewBox%3D'0%200%201920%201280'%2F%3E\" alt=\"Elioterapia Loano\" height=\"1280\" width=\"1920\" data-nectar-img-src=\"https:\/\/www.visitloano.it\/wp-content\/uploads\/2025\/10\/elioterapia-loano.jpg\" data-nectar-img-srcset=\"https:\/\/www.visitloano.it\/wp-content\/uploads\/2025\/10\/elioterapia-loano.jpg 1920w, https:\/\/www.visitloano.it\/wp-content\/uploads\/2025\/10\/elioterapia-loano-300x200.jpg 300w, https:\/\/www.visitloano.it\/wp-content\/uploads\/2025\/10\/elioterapia-loano-1024x683.jpg 1024w, https:\/\/www.visitloano.it\/wp-content\/uploads\/2025\/10\/elioterapia-loano-768x512.jpg 768w, https:\/\/www.visitloano.it\/wp-content\/uploads\/2025\/10\/elioterapia-loano-1536x1024.jpg 1536w, https:\/\/www.visitloano.it\/wp-content\/uploads\/2025\/10\/elioterapia-loano-900x600.jpg 900w\" sizes=\"auto, (max-width: 1920px) 100vw, 1920px\" \/><\/div><\/div><\/div><div class=\"bg-overlay\" style=\" background-color: #000000;\" data-opacity=\"0.3\" data-hover-opacity=\"0.4\"><\/div><div class=\"content\"><a class=\"nectar-post-grid-link\" href=\"https:\/\/www.visitloano.it\/en\/well-being-sport\/elioterapia\/\" ><span class=\"screen-reader-text\">Elioterapia<\/span><\/a><div class=\"item-main\"><h3 class=\"post-heading\"><div class=\"nectar-split-heading custom-trigger\" data-align=\"default\" data-m-align=\"inherit\" data-text-effect=\"default\" data-animation-type=\"line-reveal-by-space\" data-animation-delay=\"\" data-animation-offset=\"\" data-m-rm-animation=\"\" data-stagger=\"true\"><p>Elioterapia<\/p><\/div><\/h3><\/div><\/div><\/div><\/div><div class=\"nectar-post-grid-item\" data-post-id=\"1764\" data-has-img=\"true\"> <div class=\"inner\"><div class=\"nectar-post-grid-item-bg-wrap\"><div class=\"nectar-post-grid-item-bg-wrap-inner\"><div class=\"nectar-post-grid-item-bg\"><img loading=\"lazy\" decoding=\"async\" class=\"nectar-lazy skip-lazy nectar-post-grid-item-bg__media\" src=\"data:image\/svg+xml;charset=utf-8,%3Csvg%20xmlns%3D'http%3A%2F%2Fwww.w3.org%2F2000%2Fsvg'%20viewBox%3D'0%200%201920%201280'%2F%3E\" alt=\"Corsi Loano\" height=\"1280\" width=\"1920\" data-nectar-img-src=\"https:\/\/www.visitloano.it\/wp-content\/uploads\/2025\/10\/corsi-loano.jpg\" data-nectar-img-srcset=\"https:\/\/www.visitloano.it\/wp-content\/uploads\/2025\/10\/corsi-loano.jpg 1920w, https:\/\/www.visitloano.it\/wp-content\/uploads\/2025\/10\/corsi-loano-300x200.jpg 300w, https:\/\/www.visitloano.it\/wp-content\/uploads\/2025\/10\/corsi-loano-1024x683.jpg 1024w, https:\/\/www.visitloano.it\/wp-content\/uploads\/2025\/10\/corsi-loano-768x512.jpg 768w, https:\/\/www.visitloano.it\/wp-content\/uploads\/2025\/10\/corsi-loano-1536x1024.jpg 1536w, https:\/\/www.visitloano.it\/wp-content\/uploads\/2025\/10\/corsi-loano-900x600.jpg 900w\" sizes=\"auto, (max-width: 1920px) 100vw, 1920px\" \/><\/div><\/div><\/div><div class=\"bg-overlay\" style=\" background-color: #000000;\" data-opacity=\"0.3\" data-hover-opacity=\"0.4\"><\/div><div class=\"content\"><a class=\"nectar-post-grid-link\" href=\"https:\/\/www.visitloano.it\/en\/well-being-sport\/corsi\/\" ><span class=\"screen-reader-text\">Corsi<\/span><\/a><div class=\"item-main\"><h3 class=\"post-heading\"><div class=\"nectar-split-heading custom-trigger\" data-align=\"default\" data-m-align=\"inherit\" data-text-effect=\"default\" data-animation-type=\"line-reveal-by-space\" data-animation-delay=\"\" data-animation-offset=\"\" data-m-rm-animation=\"\" data-stagger=\"true\"><p>Corsi<\/p><\/div><\/h3><\/div><\/div><\/div><\/div><div class=\"nectar-post-grid-item\" data-post-id=\"1757\" data-has-img=\"true\"> <div class=\"inner\"><div class=\"nectar-post-grid-item-bg-wrap\"><div class=\"nectar-post-grid-item-bg-wrap-inner\"><div class=\"nectar-post-grid-item-bg\"><img loading=\"lazy\" decoding=\"async\" class=\"nectar-lazy skip-lazy nectar-post-grid-item-bg__media\" src=\"data:image\/svg+xml;charset=utf-8,%3Csvg%20xmlns%3D'http%3A%2F%2Fwww.w3.org%2F2000%2Fsvg'%20viewBox%3D'0%200%201920%201280'%2F%3E\" alt=\"Gare e competizioni Loano\" height=\"1280\" width=\"1920\" data-nectar-img-src=\"https:\/\/www.visitloano.it\/wp-content\/uploads\/2025\/10\/gare-competizioni-loano.jpg\" data-nectar-img-srcset=\"https:\/\/www.visitloano.it\/wp-content\/uploads\/2025\/10\/gare-competizioni-loano.jpg 1920w, https:\/\/www.visitloano.it\/wp-content\/uploads\/2025\/10\/gare-competizioni-loano-300x200.jpg 300w, https:\/\/www.visitloano.it\/wp-content\/uploads\/2025\/10\/gare-competizioni-loano-1024x683.jpg 1024w, https:\/\/www.visitloano.it\/wp-content\/uploads\/2025\/10\/gare-competizioni-loano-768x512.jpg 768w, https:\/\/www.visitloano.it\/wp-content\/uploads\/2025\/10\/gare-competizioni-loano-1536x1024.jpg 1536w, https:\/\/www.visitloano.it\/wp-content\/uploads\/2025\/10\/gare-competizioni-loano-900x600.jpg 900w\" sizes=\"auto, (max-width: 1920px) 100vw, 1920px\" \/><\/div><\/div><\/div><div class=\"bg-overlay\" style=\" background-color: #000000;\" data-opacity=\"0.3\" data-hover-opacity=\"0.4\"><\/div><div class=\"content\"><a class=\"nectar-post-grid-link\" href=\"https:\/\/www.visitloano.it\/en\/well-being-sport\/gare-e-competizioni\/\" ><span class=\"screen-reader-text\">Gare e competizioni<\/span><\/a><div class=\"item-main\"><h3 class=\"post-heading\"><div class=\"nectar-split-heading custom-trigger\" data-align=\"default\" data-m-align=\"inherit\" data-text-effect=\"default\" data-animation-type=\"line-reveal-by-space\" data-animation-delay=\"\" data-animation-offset=\"\" data-m-rm-animation=\"\" data-stagger=\"true\"><p>Gare e competizioni<\/p><\/div><\/h3><\/div><\/div><\/div><\/div><\/div><\/div>\n\t\t<\/div> \n\t<\/div>\n\t<\/div> \n<\/div><\/div>\n\t\t\t<\/div> \n\t\t<\/div>\n\t<\/div> \n<\/div><\/div>\n\t\t<div id=\"fws_69f58ccb4275a\"  data-column-margin=\"default\" data-midnight=\"dark\" data-top-percent=\"8%\" data-bottom-percent=\"8%\"  class=\"wpb_row vc_row-fluid vc_row full-width-section has-row-bg-color  top_padding_phone_16pct bottom_padding_phone_16pct\"  style=\"padding-top: calc(100vw * 0.08); padding-bottom: calc(100vw * 0.08); --row-bg-color: #F7F7F7;\"><div class=\"row-bg-wrap\" data-bg-animation=\"none\" data-bg-animation-delay=\"\" data-bg-overlay=\"false\"><div class=\"inner-wrap row-bg-layer\" ><div class=\"row-bg viewport-desktop using-bg-color\"  style=\"background-color: #F7F7F7; \"><\/div><\/div><\/div><div class=\"row_col_wrap_12 col span_12 dark left\">\n\t<div  class=\"vc_col-sm-12 wpb_column column_container vc_column_container col no-extra-padding inherit_tablet inherit_phone \"  data-padding-pos=\"all\" data-has-bg-color=\"false\" data-bg-color=\"\" data-bg-opacity=\"1\" data-animation=\"\" data-delay=\"0\" >\n\t\t<div class=\"vc_column-inner\" >\n\t\t\t<div class=\"wpb_wrapper\">\n\t\t\t\t\n\t<div class=\"wpb_raw_code wpb_raw_html wpb_content_element\" >\n\t\t<div class=\"wpb_wrapper\">\n\t\t\t    <div id=\"tosc5container_69f58ccb42d03\" style=\"min-height:250px\"><\/div>\n    <script>\n        window.dw = window.dw || function () { (dw.q = dw.q || []).push(arguments) };\n        dw('settings','1c6d3f2c-47af-458b-89d4-e6dd5f1be7fd',\n            {\n                \"context\": {\"targetRoute\":[\"\/punti-di-interesse\",\"\/infrastrukturen\",\"\/points-of-interest\"],\"urlOptionalParams\":\"limINFOSYSTEMTOPICS=974b946e-1d65-4f85-8dc8-a854ff6cdb68,5d24189f-5a9f-4cd2-a706-e916b88b713f\"},\n                \"baseHref\": \"\/well-being-sport\/\",                \"profileOverrides\": [\"infrastructures.list.filter.location.visible=false\"],                \"lang\": 'en',\n                \"allowScrollOnApplicationStart\": false,\n                \"target\": \"tosc5container_69f58ccb42d03\",\n                \"styleResources\":[\n                    '\/wp-content\/themes\/vl\/assets\/tosc\/style.css'\n                ],\n                \"loadingAnimationColor\": {\n                    \"main\": '#00b4f1',\n                    \"alt\": '#00ADBB'\n                }\n            });\n        dw('onPageChange', '1c6d3f2c-47af-458b-89d4-e6dd5f1be7fd', () => {\n            console.log('page changed event')\n        });\n    <\/script>\n    <script async src=\"https:\/\/resc.deskline.net\/DW5\/start\/LOANO\/1c6d3f2c-47af-458b-89d4-e6dd5f1be7fd\/index.js\"><\/script>\n    \n\n\n\t\t<\/div>\n\t<\/div>\n\n\t\t\t<\/div> \n\t\t<\/div>\n\t<\/div> \n<\/div><\/div>\n","protected":false},"excerpt":{"rendered":"Races and competitionsChallenges, passion and goals to conquer Visit Loano Thanks to its strategic location between sea, hills and hinterland, Loano hosts an annual calendar of races and competitions that...","protected":false},"author":1,"featured_media":733,"parent":0,"menu_order":49,"comment_status":"closed","ping_status":"closed","template":"","meta":{"footnotes":""},"categories":[],"tags":[],"class_list":["post-1095","page","type-page","status-publish","has-post-thumbnail"],"_links":{"self":[{"href":"https:\/\/www.visitloano.it\/en\/wp-json\/wp\/v2\/pages\/1095","targetHints":{"allow":["GET"]}}],"collection":[{"href":"https:\/\/www.visitloano.it\/en\/wp-json\/wp\/v2\/pages"}],"about":[{"href":"https:\/\/www.visitloano.it\/en\/wp-json\/wp\/v2\/types\/page"}],"author":[{"embeddable":true,"href":"https:\/\/www.visitloano.it\/en\/wp-json\/wp\/v2\/users\/1"}],"replies":[{"embeddable":true,"href":"https:\/\/www.visitloano.it\/en\/wp-json\/wp\/v2\/comments?post=1095"}],"version-history":[{"count":9,"href":"https:\/\/www.visitloano.it\/en\/wp-json\/wp\/v2\/pages\/1095\/revisions"}],"predecessor-version":[{"id":1774,"href":"https:\/\/www.visitloano.it\/en\/wp-json\/wp\/v2\/pages\/1095\/revisions\/1774"}],"wp:featuredmedia":[{"embeddable":true,"href":"https:\/\/www.visitloano.it\/en\/wp-json\/wp\/v2\/media\/733"}],"wp:attachment":[{"href":"https:\/\/www.visitloano.it\/en\/wp-json\/wp\/v2\/media?parent=1095"}],"wp:term":[{"taxonomy":"category","embeddable":true,"href":"https:\/\/www.visitloano.it\/en\/wp-json\/wp\/v2\/categories?post=1095"},{"taxonomy":"post_tag","embeddable":true,"href":"https:\/\/www.visitloano.it\/en\/wp-json\/wp\/v2\/tags?post=1095"}],"curies":[{"name":"wp","href":"https:\/\/api.w.org\/{rel}","templated":true}]}}