{"id":1084,"date":"2025-09-11T09:30:32","date_gmt":"2025-09-11T07:30:32","guid":{"rendered":"https:\/\/www.visitloano.it\/?page_id=1084"},"modified":"2025-10-02T18:28:20","modified_gmt":"2025-10-02T16:28:20","slug":"sea-sun","status":"publish","type":"page","link":"https:\/\/www.visitloano.it\/en\/sea-sun\/","title":{"rendered":"Sea &amp; Sun"},"content":{"rendered":"\n\t\t<div id=\"fws_69e6dbcae6b8c\"  data-column-margin=\"default\" data-midnight=\"light\" data-top-percent=\"16%\" data-bottom-percent=\"4%\"  class=\"wpb_row vc_row-fluid vc_row full-width-section vc_row-o-equal-height vc_row-flex vc_row-o-content-bottom parallax_section vl__pagehero\"  style=\"padding-top: calc(100vw * 0.16); padding-bottom: calc(100vw * 0.04); \"><div class=\"row-bg-wrap\" data-bg-animation=\"fade-in\" data-bg-animation-delay=\"\" data-bg-overlay=\"true\"><div class=\"inner-wrap row-bg-layer using-image\" style=\"background-color: #00B4F1;\" ><div class=\"row-bg viewport-desktop using-image using-bg-color\" data-parallax-speed=\"slow\" style=\"background-position: center center; background-repeat: no-repeat; background-color: #00B4F1; \" data-nectar-img-src=\"https:\/\/www.visitloano.it\/wp-content\/uploads\/2025\/08\/vl__whitelines.svg\"><\/div><\/div><div class=\"row-bg-overlay row-bg-layer\" style=\"background-color:#005CA9;  opacity: 0.3; \"><\/div><\/div><div class=\"row_col_wrap_12 col span_12 light left\">\n\t<div  class=\"vc_col-sm-12 wpb_column column_container vc_column_container col no-extra-padding inherit_tablet inherit_phone \"  data-padding-pos=\"all\" data-has-bg-color=\"false\" data-bg-color=\"\" data-bg-opacity=\"1\" data-animation=\"\" data-delay=\"0\" >\n\t\t<div class=\"vc_column-inner\" >\n\t\t\t<div class=\"wpb_wrapper\">\n\t\t\t\t<div id=\"fws_69e6dbcae71c0\" data-midnight=\"\" data-column-margin=\"default\" class=\"wpb_row vc_row-fluid vc_row inner_row\"  style=\"\"><div class=\"row-bg-wrap\"> <div class=\"row-bg\" ><\/div> <\/div><div class=\"row_col_wrap_12_inner col span_12  left\">\n\t<div  class=\"vc_col-sm-12 wpb_column column_container vc_column_container col child_column no-extra-padding inherit_tablet inherit_phone \"   data-padding-pos=\"all\" data-has-bg-color=\"false\" data-bg-color=\"\" data-bg-opacity=\"1\" data-animation=\"\" data-delay=\"0\" >\n\t\t<div class=\"vc_column-inner\" >\n\t\t<div class=\"wpb_wrapper\">\n\t\t\t<div class=\"nectar-split-heading \" data-align=\"default\" data-m-align=\"inherit\" data-text-effect=\"default\" data-animation-type=\"line-reveal-by-space\" data-animation-delay=\"0\" data-animation-offset=\"\" data-m-rm-animation=\"\" data-stagger=\"\" data-custom-font-size=\"false\" ><h1 >Sea &#038; Sun<\/h1><\/div><div class=\"nectar-responsive-text font_size_min_24px font_size_max_38px font_size_desktop_4vw font_line_height_1-4 nectar-link-underline-effect\" style=\"color: #FFFFFF;\" data-inherit-heading-family=\"h3\"><p>D&#8217;inverno ti ascolta, d&#8217;estate ti accoglie: il mare di Loano non ha stagioni<\/p>\n<\/div>\n\t\t<\/div> \n\t<\/div>\n\t<\/div> \n<\/div><\/div>\n\t\t\t<\/div> \n\t\t<\/div>\n\t<\/div> \n<\/div><\/div>\n\t\t<div id=\"about\"  data-column-margin=\"default\" data-midnight=\"dark\" data-top-percent=\"8%\" data-bottom-percent=\"8%\"  class=\"wpb_row vc_row-fluid vc_row full-width-section has-row-bg-color  top_padding_phone_16pct bottom_padding_phone_16pct\"  style=\"padding-top: calc(100vw * 0.08); padding-bottom: calc(100vw * 0.08); --row-bg-color: #ffffff;\"><div class=\"row-bg-wrap\" data-bg-animation=\"none\" data-bg-animation-delay=\"\" data-bg-overlay=\"false\"><div class=\"inner-wrap row-bg-layer\" ><div class=\"row-bg viewport-desktop using-bg-color\"  style=\"background-color: #ffffff; \"><\/div><\/div><\/div><div class=\"row_col_wrap_12 col span_12 dark left\">\n\t<div  class=\"vc_col-sm-12 wpb_column column_container vc_column_container col no-extra-padding inherit_tablet inherit_phone \"  data-padding-pos=\"all\" data-has-bg-color=\"false\" data-bg-color=\"\" data-bg-opacity=\"1\" data-animation=\"\" data-delay=\"0\" >\n\t\t<div class=\"vc_column-inner\" >\n\t\t\t<div class=\"wpb_wrapper\">\n\t\t\t\t<div id=\"fws_69e6dbcae80cf\" data-midnight=\"\" data-column-margin=\"default\" class=\"wpb_row vc_row-fluid vc_row inner_row\"  style=\"\"><div class=\"row-bg-wrap\"> <div class=\"row-bg\" ><\/div> <\/div><div class=\"row_col_wrap_12_inner col span_12  left\">\n\t<div  class=\"vc_col-sm-6 wpb_column column_container vc_column_container col child_column has-animation padding-3-percent inherit_tablet inherit_phone \"   data-padding-pos=\"top-bottom\" data-has-bg-color=\"false\" data-bg-color=\"\" data-bg-opacity=\"1\" data-animation=\"fade-in-from-bottom\" data-delay=\"0\" >\n\t\t<div class=\"vc_column-inner\" >\n\t\t<div class=\"wpb_wrapper\">\n\t\t\t\n<div class=\"wpb_text_column wpb_content_element  vc_custom_1758727830236\" >\n\t<p>Sole, relax e divertimento per tutti: dalle famiglie, agli sportivi, a chi viaggia con i propri amici a quattro zampe. La qualit\u00e0 e la bellezza del mare loanese sono certificate dalla <strong>Bandiera Blu della FEE<\/strong> (Foundation for Environmental Education). Istituito nel 1987, questo riconoscimento viene assegnato ogni anno a localit\u00e0 che rispettano <strong>rigorosi criteri di gestione sostenibile del territorio<\/strong>: dalla pulizia e qualit\u00e0 delle acque di balneazione alla depurazione, dalla gestione dei rifiuti all\u2019accessibilit\u00e0 delle spiagge, fino ai programmi di educazione e comunicazione ambientale.<\/p>\n<\/div>\n\n\n\n\n\t\t<\/div> \n\t<\/div>\n\t<\/div> \n\n\t<div  class=\"vc_col-sm-6 wpb_column column_container vc_column_container col child_column has-animation padding-3-percent inherit_tablet inherit_phone \"   data-padding-pos=\"top-bottom\" data-has-bg-color=\"false\" data-bg-color=\"\" data-bg-opacity=\"1\" data-animation=\"fade-in-from-bottom\" data-delay=\"100\" >\n\t\t<div class=\"vc_column-inner\" >\n\t\t<div class=\"wpb_wrapper\">\n\t\t\t\n<div class=\"wpb_text_column wpb_content_element  vc_custom_1758727866340\" >\n\t<p>A Loano sventola anche la <strong>Bandiera Lilla<\/strong>, a sostegno di Comuni e operatori privati che prestano una particolare attenzione all\u2019inclusivit\u00e0: gli stabilimenti sono dotati di <strong>scivoli e montascale<\/strong> e all\u2019interno delle spiagge comunali sono attivi diversi servizi dedicati alle persone con problemi di deambulazione.<\/p>\n<p>Le <strong>spiagge family friendly<\/strong> offrono servizi e comfort ideali per i pi\u00f9 piccoli, mentre chi cerca autonomia e libert\u00e0 pu\u00f2 scegliere tra le <strong>spiagge libere attrezzate<\/strong>, per vivere il mare senza rinunciare alla comodit\u00e0. Non mancano le <strong>aree dedicate ai cani<\/strong>, per condividere le giornate sotto il sole con i compagni a quattro zampe.<\/p>\n<\/div>\n\n\n\n\n\t\t<\/div> \n\t<\/div>\n\t<\/div> \n<\/div><\/div>\n\t\t\t<\/div> \n\t\t<\/div>\n\t<\/div> \n<\/div><\/div>\n\t\t<div id=\"fws_69e6dbcae8b6f\"  data-column-margin=\"default\" data-midnight=\"dark\" data-top-percent=\"8%\" data-bottom-percent=\"8%\"  class=\"wpb_row vc_row-fluid vc_row full-width-section has-row-bg-color  top_padding_phone_16pct bottom_padding_phone_16pct\"  style=\"padding-top: calc(100vw * 0.08); padding-bottom: calc(100vw * 0.08); --row-bg-color: #F7F7F7;\"><div class=\"row-bg-wrap\" data-bg-animation=\"none\" data-bg-animation-delay=\"\" data-bg-overlay=\"false\"><div class=\"inner-wrap row-bg-layer\" ><div class=\"row-bg viewport-desktop using-bg-color\"  style=\"background-color: #F7F7F7; \"><\/div><\/div><\/div><div class=\"row_col_wrap_12 col span_12 dark left\">\n\t<div  class=\"vc_col-sm-12 wpb_column column_container vc_column_container col no-extra-padding inherit_tablet inherit_phone \"  data-padding-pos=\"all\" data-has-bg-color=\"false\" data-bg-color=\"\" data-bg-opacity=\"1\" data-animation=\"\" data-delay=\"0\" >\n\t\t<div class=\"vc_column-inner\" >\n\t\t\t<div class=\"wpb_wrapper\">\n\t\t\t\t<div id=\"fws_69e6dbcae9125\" data-midnight=\"\" data-column-margin=\"default\" class=\"wpb_row vc_row-fluid vc_row inner_row\"  style=\"\"><div class=\"row-bg-wrap\"> <div class=\"row-bg\" ><\/div> <\/div><div class=\"row_col_wrap_12_inner col span_12  left\">\n\t<div  class=\"vc_col-sm-12 wpb_column column_container vc_column_container col child_column no-extra-padding inherit_tablet inherit_phone \"   data-padding-pos=\"all\" data-has-bg-color=\"false\" data-bg-color=\"\" data-bg-opacity=\"1\" data-animation=\"\" data-delay=\"0\" >\n\t\t<div class=\"vc_column-inner\" >\n\t\t<div class=\"wpb_wrapper\">\n\t\t\t<div class=\"nectar-split-heading \" data-align=\"default\" data-m-align=\"inherit\" data-text-effect=\"default\" data-animation-type=\"line-reveal-by-space\" data-animation-delay=\"0\" data-animation-offset=\"\" data-m-rm-animation=\"\" data-stagger=\"true\" data-custom-font-size=\"false\" ><h2 >Scopri le spiagge di Loano<\/h2><\/div>\n\t\t<\/div> \n\t<\/div>\n\t<\/div> \n<\/div><\/div>\n\t<div class=\"wpb_raw_code wpb_raw_html wpb_content_element\" >\n\t\t<div class=\"wpb_wrapper\">\n\t\t\t    <div id=\"tosc5container_69e6dbcae9877\" style=\"min-height:250px\"><\/div>\n    <script>\n        window.dw = window.dw || function () { (dw.q = dw.q || []).push(arguments) };\n        dw('settings','1c6d3f2c-47af-458b-89d4-e6dd5f1be7fd',\n            {\n                \"context\": {\"targetRoute\":[\"\/punti-di-interesse\",\"\/infrastrukturen\",\"\/points-of-interest\"],\"urlOptionalParams\":\"limINFOSYSTEMTYPE=3&limINFOSYSTEMTOPICS=95738bed-961e-42d9-8a97-4c25ef73b4d1\"},\n                \"baseHref\": \"\/mare-spiagge\/\",                \"profileOverrides\": [\"infrastructures.list.filter.location.visible=false\"],                \"lang\": 'en',\n                \"allowScrollOnApplicationStart\": false,\n                \"target\": \"tosc5container_69e6dbcae9877\",\n                \"styleResources\":[\n                    '\/wp-content\/themes\/vl\/assets\/tosc\/style.css'\n                ],\n                \"loadingAnimationColor\": {\n                    \"main\": '#00b4f1',\n                    \"alt\": '#00ADBB'\n                }\n            });\n        dw('onPageChange', '1c6d3f2c-47af-458b-89d4-e6dd5f1be7fd', () => {\n            console.log('page changed event')\n        });\n    <\/script>\n    <script async src=\"https:\/\/resc.deskline.net\/DW5\/start\/LOANO\/1c6d3f2c-47af-458b-89d4-e6dd5f1be7fd\/index.js\"><\/script>\n    \n\n\n\t\t<\/div>\n\t<\/div>\n\n\t\t\t<\/div> \n\t\t<\/div>\n\t<\/div> \n<\/div><\/div>\n","protected":false},"excerpt":{"rendered":"Sea &amp; SunIn winter it listens to you, in summer it welcomes you: the sea at Loano has no seasons Sun, relaxation and fun for everyone: from families, to sportsmen, to those traveling with...","protected":false},"author":1,"featured_media":723,"parent":0,"menu_order":60,"comment_status":"closed","ping_status":"closed","template":"","meta":{"footnotes":""},"categories":[29],"tags":[],"class_list":{"0":"post-1084","1":"page","2":"type-page","3":"status-publish","4":"has-post-thumbnail","6":"category-coppie"},"_links":{"self":[{"href":"https:\/\/www.visitloano.it\/en\/wp-json\/wp\/v2\/pages\/1084","targetHints":{"allow":["GET"]}}],"collection":[{"href":"https:\/\/www.visitloano.it\/en\/wp-json\/wp\/v2\/pages"}],"about":[{"href":"https:\/\/www.visitloano.it\/en\/wp-json\/wp\/v2\/types\/page"}],"author":[{"embeddable":true,"href":"https:\/\/www.visitloano.it\/en\/wp-json\/wp\/v2\/users\/1"}],"replies":[{"embeddable":true,"href":"https:\/\/www.visitloano.it\/en\/wp-json\/wp\/v2\/comments?post=1084"}],"version-history":[{"count":10,"href":"https:\/\/www.visitloano.it\/en\/wp-json\/wp\/v2\/pages\/1084\/revisions"}],"predecessor-version":[{"id":1497,"href":"https:\/\/www.visitloano.it\/en\/wp-json\/wp\/v2\/pages\/1084\/revisions\/1497"}],"wp:featuredmedia":[{"embeddable":true,"href":"https:\/\/www.visitloano.it\/en\/wp-json\/wp\/v2\/media\/723"}],"wp:attachment":[{"href":"https:\/\/www.visitloano.it\/en\/wp-json\/wp\/v2\/media?parent=1084"}],"wp:term":[{"taxonomy":"category","embeddable":true,"href":"https:\/\/www.visitloano.it\/en\/wp-json\/wp\/v2\/categories?post=1084"},{"taxonomy":"post_tag","embeddable":true,"href":"https:\/\/www.visitloano.it\/en\/wp-json\/wp\/v2\/tags?post=1084"}],"curies":[{"name":"wp","href":"https:\/\/api.w.org\/{rel}","templated":true}]}}